{"id":361,"date":"2024-10-29T13:10:49","date_gmt":"2024-10-29T17:10:49","guid":{"rendered":"http:\/\/192.168.10.39\/wordpress\/?page_id=361"},"modified":"2025-12-17T13:55:54","modified_gmt":"2025-12-17T18:55:54","slug":"a-propos-de-ce-blogue","status":"publish","type":"page","link":"https:\/\/jarjar.blog\/wordpress\/index.php\/a-propos-de-ce-blogue\/","title":{"rendered":"\u00c0 propos de ce blogue"},"content":{"rendered":"\n<p>\u00c9tant un lecteur assidu de plusieurs excellents blogues ludiques et forums, je souhaitais redonner \u00e0 mon tour \u00e0 cette belle communaut\u00e9. J&rsquo;ai me suis donc lanc\u00e9 dans ce projet \u00e0 l&rsquo;automne 2024.<\/p>\n\n\n\n<p class=\"has-blue-background-color has-background\"><strong>NOTE IMPORTANTE SUR LA LANGUE <\/strong><br>Ce blogue est \u00e9crit en fran\u00e7ais, la traduction en anglais se fait automatiquement via les services payant de Google Translate (https:\/\/gtranslate.io\/)  <\/p>\n\n\n\n<p>Des blogueurs passent un temps fou \u00e0 \u00e9crire de longs articles, en r\u00e9sumant et souvent m\u00eame en r\u00e9\u00e9crivant pratiquement les livres de r\u00e8gles. Personnellement, je ne lis pas ce genre de texte, je vais g\u00e9n\u00e9ralement au croustillant directement : ce que le blogueur a aim\u00e9 du jeu, moins aim\u00e9 et la note attribu\u00e9e. \u00c9tant visuel, j&rsquo;adore aussi voir les photos des jeux.<\/p>\n\n\n\n<p>Mais bon, si je me limite \u00e0 reprendre cela, je ne pourrais pas appeler \u00e7a un blogue. Alors, je me suis dit : que puis-je faire de diff\u00e9rent dans cette sph\u00e8re de blogueurs ludiques d\u00e9j\u00e0 tr\u00e8s riche ?<\/p>\n\n\n\n<p>J\u2019ai pens\u00e9 ajouter des informations plus difficiles \u00e0 trouver sur le jeu en question, en citant les propos des auteurs, d\u00e9veloppeurs et \u00e9diteurs qui m\u2019int\u00e9ressent, en r\u00e9v\u00e9lant des faits in\u00e9dits (ou presque), et en parlant des d\u00e9veloppements et extensions \u00e0 venir.<br><br>Je note aussi souvent dans Google doc, des points de r\u00e8gles plus faciles \u00e0 oublier ou encore des pr\u00e9cisions qu&rsquo;on ne trouve pas directement dans les r\u00e8gles d&rsquo;un jeu. Vous retrouverez ces notes dans les articles sous la rubrique Points de r\u00e8gles.  <br><br>Les jeux de soci\u00e9t\u00e9 prennent tout leur sens lorsqu&rsquo;ils cr\u00e9ent une atmosph\u00e8re. L&rsquo;ambiance qui s&rsquo;installe autour de la table, faite de cris de joie et de rires partag\u00e9s, devient souvent le v\u00e9ritable marqueur de l&rsquo;agr\u00e9ment d&rsquo;un jeu. Ce facteur \u00e9motionnel d\u00e9termine finalement la facilit\u00e9 avec laquelle on ressortira le jeu. C&rsquo;est pourquoi, \u00e0 la fin de chaque critique, j&rsquo;int\u00e8gre une \u00e9valuation globale du \u00ab\u00a0facteur fun\u00a0\u00bb &#8211; une notation personnelle qui refl\u00e8te mon ressenti et celui des joueurs pr\u00e9sents, conscient que cette perception peut consid\u00e9rablement varier selon les groupes et les dynamiques de jeu.<\/p>\n\n\n\n<p class=\"has-black-color has-text-color has-link-color wp-elements-d0b374b06f02f866057ab25993fac9f3\">Et finalement, ce blogue refl\u00e8te mes pens\u00e9es et <strong>se veut avant tout une exp\u00e9rience personnelle<\/strong>. Comme j&rsquo;aime \u00e9crire et faire des comptes rendus, cela me permet d&rsquo;approfondir mes r\u00e9flexions sur les jeux que je d\u00e9couvre. J&rsquo;aime relire et modifier mes articles, qui me serviront de r\u00e9f\u00e9rence lorsque je revisiterai un jeu ou un \u00e9v\u00e9nement ludique. <br><br>Vous ne trouverez pas de jeux que je n&rsquo;ai pas appr\u00e9ci\u00e9s sur ce blogue : \u00e9tant une personne g\u00e9n\u00e9ralement enthousiaste, je ne fais pas d&rsquo;articles n\u00e9gatifs, d&rsquo;o\u00f9 les notes g\u00e9n\u00e9ralement \u00e9lev\u00e9es dans mes critiques.<br><br>Je travaille dans le domaine des technologies et j&rsquo;aime bien exp\u00e9rimenter les outils. Ici, j&rsquo;utilise WordPress et plusieurs extensions, le tout h\u00e9berg\u00e9 chez moi, sur un tout petit RasperryPI, ce qui me permet aussi de m&rsquo;amuser d&rsquo;une autre fa\u00e7on =)<\/p>\n\n\n\n<figure class=\"wp-block-image is-resized\"><img loading=\"lazy\" decoding=\"async\" width=\"1024\" height=\"682\" src=\"https:\/\/jarjar.blog\/wordpress\/wp-content\/uploads\/2025\/09\/kenscene-1024x682.jpg\" alt=\"\" class=\"wp-image-2315\" style=\"width:278px;height:auto\" srcset=\"https:\/\/jarjar.blog\/wordpress\/wp-content\/uploads\/2025\/09\/kenscene-1024x682.jpg 1024w, https:\/\/jarjar.blog\/wordpress\/wp-content\/uploads\/2025\/09\/kenscene-300x200.jpg 300w, https:\/\/jarjar.blog\/wordpress\/wp-content\/uploads\/2025\/09\/kenscene-768x512.jpg 768w, https:\/\/jarjar.blog\/wordpress\/wp-content\/uploads\/2025\/09\/kenscene.jpg 1229w\" sizes=\"auto, (max-width: 1024px) 100vw, 1024px\" \/><\/figure>\n\n\n\n<p>En septembre dernier, j&rsquo;ai contact\u00e9 deux de mes amis, Pierre et Ken, qui r\u00e9alisent chaque ann\u00e9e un excellent classement des jeux \u00e0 para\u00eetre \u00e0 Essen. Je leur ai propos\u00e9 de le publier ici afin de faire d\u00e9couvrir leur excellent travail \u00e0 un plus grand nombre de personnes. Ken, alias Kruspin ici, m\u2019a rejoint en tant que collaborateur sur ce blogue ; il \u00e9crit d\u00e9sormais des articles r\u00e9guli\u00e8rement. Tr\u00e8s content de collaborer avec lui, il est professeur en chimie de m\u00e9tier et \u00e9crit tr\u00e8s bien. Vous pouvez lire sa petite histoire <a href=\"https:\/\/jarjar.blog\/wordpress\/index.php\/2025\/09\/01\/presentation-de-krushpin\/\" target=\"_blank\" rel=\"noreferrer noopener\">ici<\/a>.  <br><br>Pour \u00eatre notifier de la publication des nouveaux articles, vous pouvez tout simplement vous abonnez au notification push ou encore me suivre sur ces r\u00e9seaux sociaux : <br><a href=\"https:\/\/bsky.app\/profile\/jarjar26.bsky.social\" target=\"_blank\" rel=\"noreferrer noopener\">Profil Bluesky<\/a><br><a href=\"https:\/\/www.threads.net\/@michael_lessard49\" target=\"_blank\" rel=\"noreferrer noopener\">Profile Threads<\/a><br><br>Bonne lecture!<\/p>\n\n\n\n<figure class=\"wp-block-image size-large\"><img loading=\"lazy\" decoding=\"async\" width=\"1024\" height=\"650\" src=\"https:\/\/jarjar.blog\/wordpress\/wp-content\/uploads\/2025\/01\/KGP2IE3SWJHSNF5XIH3M424YWI-2-1024x650.jpg\" alt=\"\" class=\"wp-image-829\" srcset=\"https:\/\/jarjar.blog\/wordpress\/wp-content\/uploads\/2025\/01\/KGP2IE3SWJHSNF5XIH3M424YWI-2-1024x650.jpg 1024w, https:\/\/jarjar.blog\/wordpress\/wp-content\/uploads\/2025\/01\/KGP2IE3SWJHSNF5XIH3M424YWI-2-300x191.jpg 300w, https:\/\/jarjar.blog\/wordpress\/wp-content\/uploads\/2025\/01\/KGP2IE3SWJHSNF5XIH3M424YWI-2-768x488.jpg 768w, https:\/\/jarjar.blog\/wordpress\/wp-content\/uploads\/2025\/01\/KGP2IE3SWJHSNF5XIH3M424YWI-2-1536x976.jpg 1536w, https:\/\/jarjar.blog\/wordpress\/wp-content\/uploads\/2025\/01\/KGP2IE3SWJHSNF5XIH3M424YWI-2.jpg 2023w\" sizes=\"auto, (max-width: 1024px) 100vw, 1024px\" \/><\/figure>\n<div class=\"pld-like-dislike-wrap pld-template-1\">\r\n    <div class=\"pld-like-wrap  pld-common-wrap\">\r\n    <a href=\"javascript:void(0)\" class=\"pld-like-trigger pld-like-dislike-trigger  \" title=\"Aime\" data-post-id=\"361\" data-trigger-type=\"like\" data-restriction=\"cookie\" data-already-liked=\"0\">\r\n                        <i class=\"fas fa-thumbs-up\"><\/i>\r\n                <\/a>\r\n    <span class=\"pld-like-count-wrap pld-count-wrap\">    <\/span>\r\n<\/div><div class=\"pld-dislike-wrap  pld-common-wrap\">\r\n    <a href=\"javascript:void(0)\" class=\"pld-dislike-trigger pld-like-dislike-trigger  \" title=\"n&#039;aime pas\" data-post-id=\"361\" data-trigger-type=\"dislike\" data-restriction=\"cookie\" data-already-liked=\"0\">\r\n                        <i class=\"fas fa-thumbs-down\"><\/i>\r\n                <\/a>\r\n    <span class=\"pld-dislike-count-wrap pld-count-wrap\"><\/span>\r\n<\/div><\/div>","protected":false},"excerpt":{"rendered":"<p>\u00c9tant un lecteur assidu de plusieurs excellents blogues ludiques et forums, je souhaitais redonner \u00e0 mon tour \u00e0 cette belle communaut\u00e9. J&rsquo;ai me suis donc lanc\u00e9 dans ce projet \u00e0 l&rsquo;automne 2024. NOTE IMPORTANTE SUR LA LANGUE Ce blogue est \u00e9crit en fran\u00e7ais, la traduction en anglais se fait automatiquement via les services payant de [&hellip;]<\/p>\n","protected":false},"author":1,"featured_media":0,"parent":0,"menu_order":4,"comment_status":"closed","ping_status":"closed","template":"","meta":{"_lmt_disableupdate":"","_lmt_disable":"","_monsterinsights_skip_tracking":false,"_monsterinsights_sitenote_active":false,"_monsterinsights_sitenote_note":"","_monsterinsights_sitenote_category":0,"footnotes":""},"class_list":["post-361","page","type-page","status-publish","hentry"],"yoast_head":"<!-- This site is optimized with the Yoast SEO plugin v27.5 - https:\/\/yoast.com\/product\/yoast-seo-wordpress\/ -->\n<title>\u00c0 propos de ce blogue - Le journal de Jarjar<\/title>\n<meta name=\"robots\" content=\"index, follow, max-snippet:-1, max-image-preview:large, max-video-preview:-1\" \/>\n<link rel=\"canonical\" href=\"https:\/\/jarjar.blog\/wordpress\/index.php\/a-propos-de-ce-blogue\/\" \/>\n<meta property=\"og:locale\" content=\"fr_CA\" \/>\n<meta property=\"og:type\" content=\"article\" \/>\n<meta property=\"og:title\" content=\"\u00c0 propos de ce blogue - Le journal de Jarjar\" \/>\n<meta property=\"og:description\" content=\"\u00c9tant un lecteur assidu de plusieurs excellents blogues ludiques et forums, je souhaitais redonner \u00e0 mon tour \u00e0 cette belle communaut\u00e9. J&rsquo;ai me suis donc lanc\u00e9 dans ce projet \u00e0 l&rsquo;automne 2024. NOTE IMPORTANTE SUR LA LANGUE Ce blogue est \u00e9crit en fran\u00e7ais, la traduction en anglais se fait automatiquement via les services payant de [&hellip;]\" \/>\n<meta property=\"og:url\" content=\"https:\/\/jarjar.blog\/wordpress\/index.php\/a-propos-de-ce-blogue\/\" \/>\n<meta property=\"og:site_name\" content=\"Le journal de Jarjar\" \/>\n<meta property=\"article:modified_time\" content=\"2025-12-17T18:55:54+00:00\" \/>\n<meta property=\"og:image\" content=\"https:\/\/jarjar.blog\/wordpress\/wp-content\/uploads\/2025\/09\/kenscene.jpg\" \/>\n\t<meta property=\"og:image:width\" content=\"1229\" \/>\n\t<meta property=\"og:image:height\" content=\"819\" \/>\n\t<meta property=\"og:image:type\" content=\"image\/jpeg\" \/>\n<meta name=\"twitter:card\" content=\"summary_large_image\" \/>\n<meta name=\"twitter:label1\" content=\"Estimation du temps de lecture\" \/>\n\t<meta name=\"twitter:data1\" content=\"4 minutes\" \/>\n<script type=\"application\/ld+json\" class=\"yoast-schema-graph\">{\"@context\":\"https:\\\/\\\/schema.org\",\"@graph\":[{\"@type\":\"WebPage\",\"@id\":\"https:\\\/\\\/jarjar.blog\\\/wordpress\\\/index.php\\\/a-propos-de-ce-blogue\\\/\",\"url\":\"https:\\\/\\\/jarjar.blog\\\/wordpress\\\/index.php\\\/a-propos-de-ce-blogue\\\/\",\"name\":\"\u00c0 propos de ce blogue - Le journal de Jarjar\",\"isPartOf\":{\"@id\":\"https:\\\/\\\/jarjar.blog\\\/wordpress\\\/#website\"},\"primaryImageOfPage\":{\"@id\":\"https:\\\/\\\/jarjar.blog\\\/wordpress\\\/index.php\\\/a-propos-de-ce-blogue\\\/#primaryimage\"},\"image\":{\"@id\":\"https:\\\/\\\/jarjar.blog\\\/wordpress\\\/index.php\\\/a-propos-de-ce-blogue\\\/#primaryimage\"},\"thumbnailUrl\":\"https:\\\/\\\/jarjar.blog\\\/wordpress\\\/wp-content\\\/uploads\\\/2025\\\/09\\\/kenscene-1024x682.jpg\",\"datePublished\":\"2024-10-29T17:10:49+00:00\",\"dateModified\":\"2025-12-17T18:55:54+00:00\",\"breadcrumb\":{\"@id\":\"https:\\\/\\\/jarjar.blog\\\/wordpress\\\/index.php\\\/a-propos-de-ce-blogue\\\/#breadcrumb\"},\"inLanguage\":\"fr-CA\",\"potentialAction\":[{\"@type\":\"ReadAction\",\"target\":[\"https:\\\/\\\/jarjar.blog\\\/wordpress\\\/index.php\\\/a-propos-de-ce-blogue\\\/\"]}]},{\"@type\":\"ImageObject\",\"inLanguage\":\"fr-CA\",\"@id\":\"https:\\\/\\\/jarjar.blog\\\/wordpress\\\/index.php\\\/a-propos-de-ce-blogue\\\/#primaryimage\",\"url\":\"https:\\\/\\\/jarjar.blog\\\/wordpress\\\/wp-content\\\/uploads\\\/2025\\\/09\\\/kenscene.jpg\",\"contentUrl\":\"https:\\\/\\\/jarjar.blog\\\/wordpress\\\/wp-content\\\/uploads\\\/2025\\\/09\\\/kenscene.jpg\",\"width\":1229,\"height\":819},{\"@type\":\"BreadcrumbList\",\"@id\":\"https:\\\/\\\/jarjar.blog\\\/wordpress\\\/index.php\\\/a-propos-de-ce-blogue\\\/#breadcrumb\",\"itemListElement\":[{\"@type\":\"ListItem\",\"position\":1,\"name\":\"Accueil\",\"item\":\"https:\\\/\\\/jarjar.blog\\\/wordpress\\\/\"},{\"@type\":\"ListItem\",\"position\":2,\"name\":\"\u00c0 propos de ce blogue\"}]},{\"@type\":\"WebSite\",\"@id\":\"https:\\\/\\\/jarjar.blog\\\/wordpress\\\/#website\",\"url\":\"https:\\\/\\\/jarjar.blog\\\/wordpress\\\/\",\"name\":\"Le journal de Jarjar\",\"description\":\"Jeux de soci\u00e9t\u00e9 : faits, analyses, comptes rendus et critiques personnelles\",\"publisher\":{\"@id\":\"https:\\\/\\\/jarjar.blog\\\/wordpress\\\/#\\\/schema\\\/person\\\/29a624ba0374f5ca7f517b03bbb9a016\"},\"potentialAction\":[{\"@type\":\"SearchAction\",\"target\":{\"@type\":\"EntryPoint\",\"urlTemplate\":\"https:\\\/\\\/jarjar.blog\\\/wordpress\\\/?s={search_term_string}\"},\"query-input\":{\"@type\":\"PropertyValueSpecification\",\"valueRequired\":true,\"valueName\":\"search_term_string\"}}],\"inLanguage\":\"fr-CA\"},{\"@type\":[\"Person\",\"Organization\"],\"@id\":\"https:\\\/\\\/jarjar.blog\\\/wordpress\\\/#\\\/schema\\\/person\\\/29a624ba0374f5ca7f517b03bbb9a016\",\"name\":\"Jarjar\",\"image\":{\"@type\":\"ImageObject\",\"inLanguage\":\"fr-CA\",\"@id\":\"https:\\\/\\\/jarjar.blog\\\/wordpress\\\/wp-content\\\/uploads\\\/2024\\\/12\\\/cropped-Jar-Jar-Binks-icon.png\",\"url\":\"https:\\\/\\\/jarjar.blog\\\/wordpress\\\/wp-content\\\/uploads\\\/2024\\\/12\\\/cropped-Jar-Jar-Binks-icon.png\",\"contentUrl\":\"https:\\\/\\\/jarjar.blog\\\/wordpress\\\/wp-content\\\/uploads\\\/2024\\\/12\\\/cropped-Jar-Jar-Binks-icon.png\",\"width\":512,\"height\":512,\"caption\":\"Jarjar\"},\"logo\":{\"@id\":\"https:\\\/\\\/jarjar.blog\\\/wordpress\\\/wp-content\\\/uploads\\\/2024\\\/12\\\/cropped-Jar-Jar-Binks-icon.png\"},\"sameAs\":[\"http:\\\/\\\/jarjar.blog\\\/wordpress\"]}]}<\/script>\n<!-- \/ Yoast SEO plugin. -->","yoast_head_json":{"title":"\u00c0 propos de ce blogue - Le journal de Jarjar","robots":{"index":"index","follow":"follow","max-snippet":"max-snippet:-1","max-image-preview":"max-image-preview:large","max-video-preview":"max-video-preview:-1"},"canonical":"https:\/\/jarjar.blog\/wordpress\/index.php\/a-propos-de-ce-blogue\/","og_locale":"fr_CA","og_type":"article","og_title":"\u00c0 propos de ce blogue - Le journal de Jarjar","og_description":"\u00c9tant un lecteur assidu de plusieurs excellents blogues ludiques et forums, je souhaitais redonner \u00e0 mon tour \u00e0 cette belle communaut\u00e9. J&rsquo;ai me suis donc lanc\u00e9 dans ce projet \u00e0 l&rsquo;automne 2024. NOTE IMPORTANTE SUR LA LANGUE Ce blogue est \u00e9crit en fran\u00e7ais, la traduction en anglais se fait automatiquement via les services payant de [&hellip;]","og_url":"https:\/\/jarjar.blog\/wordpress\/index.php\/a-propos-de-ce-blogue\/","og_site_name":"Le journal de Jarjar","article_modified_time":"2025-12-17T18:55:54+00:00","og_image":[{"width":1229,"height":819,"url":"https:\/\/jarjar.blog\/wordpress\/wp-content\/uploads\/2025\/09\/kenscene.jpg","type":"image\/jpeg"}],"twitter_card":"summary_large_image","twitter_misc":{"Estimation du temps de lecture":"4 minutes"},"schema":{"@context":"https:\/\/schema.org","@graph":[{"@type":"WebPage","@id":"https:\/\/jarjar.blog\/wordpress\/index.php\/a-propos-de-ce-blogue\/","url":"https:\/\/jarjar.blog\/wordpress\/index.php\/a-propos-de-ce-blogue\/","name":"\u00c0 propos de ce blogue - Le journal de Jarjar","isPartOf":{"@id":"https:\/\/jarjar.blog\/wordpress\/#website"},"primaryImageOfPage":{"@id":"https:\/\/jarjar.blog\/wordpress\/index.php\/a-propos-de-ce-blogue\/#primaryimage"},"image":{"@id":"https:\/\/jarjar.blog\/wordpress\/index.php\/a-propos-de-ce-blogue\/#primaryimage"},"thumbnailUrl":"https:\/\/jarjar.blog\/wordpress\/wp-content\/uploads\/2025\/09\/kenscene-1024x682.jpg","datePublished":"2024-10-29T17:10:49+00:00","dateModified":"2025-12-17T18:55:54+00:00","breadcrumb":{"@id":"https:\/\/jarjar.blog\/wordpress\/index.php\/a-propos-de-ce-blogue\/#breadcrumb"},"inLanguage":"fr-CA","potentialAction":[{"@type":"ReadAction","target":["https:\/\/jarjar.blog\/wordpress\/index.php\/a-propos-de-ce-blogue\/"]}]},{"@type":"ImageObject","inLanguage":"fr-CA","@id":"https:\/\/jarjar.blog\/wordpress\/index.php\/a-propos-de-ce-blogue\/#primaryimage","url":"https:\/\/jarjar.blog\/wordpress\/wp-content\/uploads\/2025\/09\/kenscene.jpg","contentUrl":"https:\/\/jarjar.blog\/wordpress\/wp-content\/uploads\/2025\/09\/kenscene.jpg","width":1229,"height":819},{"@type":"BreadcrumbList","@id":"https:\/\/jarjar.blog\/wordpress\/index.php\/a-propos-de-ce-blogue\/#breadcrumb","itemListElement":[{"@type":"ListItem","position":1,"name":"Accueil","item":"https:\/\/jarjar.blog\/wordpress\/"},{"@type":"ListItem","position":2,"name":"\u00c0 propos de ce blogue"}]},{"@type":"WebSite","@id":"https:\/\/jarjar.blog\/wordpress\/#website","url":"https:\/\/jarjar.blog\/wordpress\/","name":"Le journal de Jarjar","description":"Jeux de soci\u00e9t\u00e9 : faits, analyses, comptes rendus et critiques personnelles","publisher":{"@id":"https:\/\/jarjar.blog\/wordpress\/#\/schema\/person\/29a624ba0374f5ca7f517b03bbb9a016"},"potentialAction":[{"@type":"SearchAction","target":{"@type":"EntryPoint","urlTemplate":"https:\/\/jarjar.blog\/wordpress\/?s={search_term_string}"},"query-input":{"@type":"PropertyValueSpecification","valueRequired":true,"valueName":"search_term_string"}}],"inLanguage":"fr-CA"},{"@type":["Person","Organization"],"@id":"https:\/\/jarjar.blog\/wordpress\/#\/schema\/person\/29a624ba0374f5ca7f517b03bbb9a016","name":"Jarjar","image":{"@type":"ImageObject","inLanguage":"fr-CA","@id":"https:\/\/jarjar.blog\/wordpress\/wp-content\/uploads\/2024\/12\/cropped-Jar-Jar-Binks-icon.png","url":"https:\/\/jarjar.blog\/wordpress\/wp-content\/uploads\/2024\/12\/cropped-Jar-Jar-Binks-icon.png","contentUrl":"https:\/\/jarjar.blog\/wordpress\/wp-content\/uploads\/2024\/12\/cropped-Jar-Jar-Binks-icon.png","width":512,"height":512,"caption":"Jarjar"},"logo":{"@id":"https:\/\/jarjar.blog\/wordpress\/wp-content\/uploads\/2024\/12\/cropped-Jar-Jar-Binks-icon.png"},"sameAs":["http:\/\/jarjar.blog\/wordpress"]}]}},"_links":{"self":[{"href":"https:\/\/jarjar.blog\/wordpress\/index.php\/wp-json\/wp\/v2\/pages\/361","targetHints":{"allow":["GET"]}}],"collection":[{"href":"https:\/\/jarjar.blog\/wordpress\/index.php\/wp-json\/wp\/v2\/pages"}],"about":[{"href":"https:\/\/jarjar.blog\/wordpress\/index.php\/wp-json\/wp\/v2\/types\/page"}],"author":[{"embeddable":true,"href":"https:\/\/jarjar.blog\/wordpress\/index.php\/wp-json\/wp\/v2\/users\/1"}],"replies":[{"embeddable":true,"href":"https:\/\/jarjar.blog\/wordpress\/index.php\/wp-json\/wp\/v2\/comments?post=361"}],"version-history":[{"count":31,"href":"https:\/\/jarjar.blog\/wordpress\/index.php\/wp-json\/wp\/v2\/pages\/361\/revisions"}],"predecessor-version":[{"id":3702,"href":"https:\/\/jarjar.blog\/wordpress\/index.php\/wp-json\/wp\/v2\/pages\/361\/revisions\/3702"}],"wp:attachment":[{"href":"https:\/\/jarjar.blog\/wordpress\/index.php\/wp-json\/wp\/v2\/media?parent=361"}],"curies":[{"name":"wp","href":"https:\/\/api.w.org\/{rel}","templated":true}]}}